{"id":1401,"date":"2016-10-05T13:17:33","date_gmt":"2016-10-05T10:17:33","guid":{"rendered":"http:\/\/girisimhane.net\/?page_id=1401"},"modified":"2017-01-21T17:01:53","modified_gmt":"2017-01-21T14:01:53","slug":"paketler","status":"publish","type":"page","link":"https:\/\/www.girisimhane.net\/index.php\/tr\/paketler\/","title":{"rendered":"Paketler"},"content":{"rendered":"<div class=\"csRow\">\n<div class=\"csColumnGap\" style=\"margin: 0px; padding: 0px; float: left; width: 1.56%;\"><img style=\"border: none;\" src=\"https:\/\/www.girisimhane.net\/wp-content\/plugins\/advanced-wp-columns\/assets\/js\/plugins\/views\/img\/1x1-pixel.png\" \/><\/div>\n<div class=\"csColumn\" style=\"margin: 0px; padding: 0px; float: left; width: 23%;\" data-csstartpoint=\"15\" data-csendpoint=\"236\" data-cswidth=\"23.0%\" data-csid=\"e4d584f5-1954-f598-a29b-04992e9534d1\">\n<p><img loading=\"lazy\" class=\"alignnone size-full wp-image-1609\" src=\"https:\/\/www.girisimhane.net\/wp-content\/uploads\/2016\/10\/Sorgulama-Ba\u015fl\u0131k-Renkli-Beyaz-1100x430.png\" alt=\"sorgulama-baslik-renkli-beyaz-1100x430\" width=\"1100\" height=\"430\" \/><\/p>\n<\/div>\n<div class=\"csColumnGap\" style=\"margin: 0px; padding: 0px; float: left; width: 1.56%;\"><img style=\"border: none;\" src=\"https:\/\/www.girisimhane.net\/wp-content\/plugins\/advanced-wp-columns\/assets\/js\/plugins\/views\/img\/1x1-pixel.png\" \/><\/div>\n<div class=\"csColumn\" style=\"margin: 0px; padding: 0px; float: left; width: 46.8%;\" data-csstartpoint=\"251\" data-csendpoint=\"700\" data-cswidth=\"46.8%\" data-csid=\"e25643bc-26d0-2bbb-94f4-85c565c62cc0\">\n<p style=\"text-align: left;\">Hayat\u0131n t\u00fcm dikkat da\u011f\u0131t\u0131c\u0131 ke\u015fmeke\u015finden uzak t\u00fcm tak\u0131m\u0131n\u0131z ile sadece hayallerinize odaklanca\u011f\u0131n\u0131z\u00a0beyin f\u0131rt\u0131nalar\u0131 yapmak isteyenler\u00a0bu paketi se\u00e7melidir. Bir g\u00fcnl\u00fck hafta sonu toplant\u0131s\u0131 veya birka\u00e7 g\u00fcnl\u00fck yeni projenizin\u00a0tart\u0131\u015f\u0131laca\u011f\u0131 birliktelikler i\u00e7in ideal ortam\u0131 bu pakette bulabilirsiniz.<\/p>\n<\/div>\n<div class=\"csColumnGap\" style=\"margin: 0px; padding: 0px; float: left; width: 1.56%;\"><img style=\"border: none;\" src=\"https:\/\/www.girisimhane.net\/wp-content\/plugins\/advanced-wp-columns\/assets\/js\/plugins\/views\/img\/1x1-pixel.png\" \/><\/div>\n<div class=\"csColumn\" style=\"margin: 0px; padding: 0px; float: left; width: 23.8%;\" data-csstartpoint=\"715\" data-csendpoint=\"943\" data-cswidth=\"23.8%\" data-csid=\"b0a47b3b-5921-cc4d-a144-cf96cd79aff4\">\n<ul>\n<li style=\"text-align: left;\">Konaklama odalar\u0131<\/li>\n<li style=\"text-align: left;\">Full pansiyon<\/li>\n<li style=\"text-align: left;\">Toplant\u0131 odas\u0131<\/li>\n<li style=\"text-align: left;\">G\u00fcnl\u00fck rezervasyon<\/li>\n<\/ul>\n<\/div>\n<\/div>\n<div class=\"csRow\">\n<div class=\"csColumnGap\" style=\"margin: 0px; padding: 0px; float: left; width: 1.56%;\"><img style=\"border: none;\" src=\"https:\/\/www.girisimhane.net\/wp-content\/plugins\/advanced-wp-columns\/assets\/js\/plugins\/views\/img\/1x1-pixel.png\" \/><\/div>\n<div class=\"csColumn\" style=\"margin: 0px; padding: 0px; float: left; width: 23%;\" data-csstartpoint=\"15\" data-csendpoint=\"236\" data-cswidth=\"23.0%\" data-csid=\"e4d584f5-1954-f598-a29b-04992e9534d1\">\n<p><img loading=\"lazy\" class=\"alignnone wp-image-1612 size-full\" src=\"https:\/\/www.girisimhane.net\/wp-content\/uploads\/2016\/10\/\u0130nceleme-Ba\u015fl\u0131k-Renkli-Beyaz-1100x430.png\" width=\"1100\" height=\"430\" \/><\/p>\n<\/div>\n<div class=\"csColumnGap\" style=\"margin: 0px; padding: 0px; float: left; width: 1.56%;\"><img style=\"border: none;\" src=\"https:\/\/www.girisimhane.net\/wp-content\/plugins\/advanced-wp-columns\/assets\/js\/plugins\/views\/img\/1x1-pixel.png\" \/><\/div>\n<div class=\"csColumn\" style=\"margin: 0px; padding: 0px; float: left; width: 46.8%;\" data-csstartpoint=\"251\" data-csendpoint=\"700\" data-cswidth=\"46.8%\" data-csid=\"e25643bc-26d0-2bbb-94f4-85c565c62cc0\">\n<p style=\"text-align: left;\">Hayat\u0131n t\u00fcm dikkat da\u011f\u0131t\u0131c\u0131 ke\u015fmeke\u015finden uzak t\u00fcm tak\u0131m\u0131n\u0131z ile sadece hayallerinize odaklanca\u011f\u0131n\u0131z\u00a0beyin f\u0131rt\u0131nalar\u0131 yapmak isteyenler\u00a0bu paketi se\u00e7melidir. Bir g\u00fcnl\u00fck hafta sonu toplant\u0131s\u0131 veya birka\u00e7 g\u00fcnl\u00fck yeni projenizin\u00a0tart\u0131\u015f\u0131laca\u011f\u0131 birliktelikler i\u00e7in ideal ortam\u0131 bu pakette bulabilirsiniz.<\/p>\n<\/div>\n<div class=\"csColumnGap\" style=\"margin: 0px; padding: 0px; float: left; width: 1.56%;\"><img style=\"border: none;\" src=\"https:\/\/www.girisimhane.net\/wp-content\/plugins\/advanced-wp-columns\/assets\/js\/plugins\/views\/img\/1x1-pixel.png\" \/><\/div>\n<div class=\"csColumn\" style=\"margin: 0px; padding: 0px; float: left; width: 23.8%;\" data-csstartpoint=\"715\" data-csendpoint=\"943\" data-cswidth=\"23.8%\" data-csid=\"b0a47b3b-5921-cc4d-a144-cf96cd79aff4\">\n<ul>\n<li style=\"text-align: left;\">Konaklama odalar\u0131<\/li>\n<li style=\"text-align: left;\">Full pansiyon<\/li>\n<li style=\"text-align: left;\">Toplant\u0131 odas\u0131<\/li>\n<li style=\"text-align: left;\">G\u00fcnl\u00fck rezervasyon<\/li>\n<\/ul>\n<\/div>\n<\/div>\n<div class=\"csRow\">\n<div class=\"csColumnGap\" style=\"margin: 0px; padding: 0px; float: left; width: 1.56%;\"><img style=\"border: none;\" src=\"https:\/\/www.girisimhane.net\/wp-content\/plugins\/advanced-wp-columns\/assets\/js\/plugins\/views\/img\/1x1-pixel.png\" \/><\/div>\n<div class=\"csColumn\" style=\"margin: 0px; padding: 0px; float: left; width: 23%;\" data-csstartpoint=\"15\" data-csendpoint=\"236\" data-cswidth=\"23.0%\" data-csid=\"e4d584f5-1954-f598-a29b-04992e9534d1\">\n<p><img loading=\"lazy\" class=\"alignnone wp-image-1613 size-full\" src=\"https:\/\/www.girisimhane.net\/wp-content\/uploads\/2016\/10\/Deneme-Ba\u015fl\u0131k-Renkli-Beyaz-1100x430.png\" width=\"1100\" height=\"430\" \/><\/p>\n<\/div>\n<div class=\"csColumnGap\" style=\"margin: 0px; padding: 0px; float: left; width: 1.56%;\"><img style=\"border: none;\" src=\"https:\/\/www.girisimhane.net\/wp-content\/plugins\/advanced-wp-columns\/assets\/js\/plugins\/views\/img\/1x1-pixel.png\" \/><\/div>\n<div class=\"csColumn\" style=\"margin: 0px; padding: 0px; float: left; width: 46.8%;\" data-csstartpoint=\"251\" data-csendpoint=\"700\" data-cswidth=\"46.8%\" data-csid=\"e25643bc-26d0-2bbb-94f4-85c565c62cc0\">\n<p style=\"text-align: left;\">Hayat\u0131n t\u00fcm dikkat da\u011f\u0131t\u0131c\u0131 ke\u015fmeke\u015finden uzak t\u00fcm tak\u0131m\u0131n\u0131z ile sadece hayallerinize odaklanca\u011f\u0131n\u0131z\u00a0beyin f\u0131rt\u0131nalar\u0131 yapmak isteyenler\u00a0bu paketi se\u00e7melidir. Bir g\u00fcnl\u00fck hafta sonu toplant\u0131s\u0131 veya birka\u00e7 g\u00fcnl\u00fck yeni projenizin\u00a0tart\u0131\u015f\u0131laca\u011f\u0131 birliktelikler i\u00e7in ideal ortam\u0131 bu pakette bulabilirsiniz.<\/p>\n<\/div>\n<div class=\"csColumnGap\" style=\"margin: 0px; padding: 0px; float: left; width: 1.56%;\"><img style=\"border: none;\" src=\"https:\/\/www.girisimhane.net\/wp-content\/plugins\/advanced-wp-columns\/assets\/js\/plugins\/views\/img\/1x1-pixel.png\" \/><\/div>\n<div class=\"csColumn\" style=\"margin: 0px; padding: 0px; float: left; width: 23.8%;\" data-csstartpoint=\"715\" data-csendpoint=\"943\" data-cswidth=\"23.8%\" data-csid=\"b0a47b3b-5921-cc4d-a144-cf96cd79aff4\">\n<ul>\n<li style=\"text-align: left;\">Konaklama odalar\u0131<\/li>\n<li style=\"text-align: left;\">Full pansiyon<\/li>\n<li style=\"text-align: left;\">Toplant\u0131 odas\u0131<\/li>\n<li style=\"text-align: left;\">G\u00fcnl\u00fck rezervasyon<\/li>\n<\/ul>\n<\/div>\n<\/div>\n<div class=\"csRow\">\n<div class=\"csColumnGap\" style=\"margin: 0px; padding: 0px; float: left; width: 1.56%;\"><img style=\"border: none;\" src=\"https:\/\/www.girisimhane.net\/wp-content\/plugins\/advanced-wp-columns\/assets\/js\/plugins\/views\/img\/1x1-pixel.png\" \/><\/div>\n<div class=\"csColumn\" style=\"margin: 0px; padding: 0px; float: left; width: 23%;\" data-csstartpoint=\"15\" data-csendpoint=\"236\" data-cswidth=\"23.0%\" data-csid=\"e4d584f5-1954-f598-a29b-04992e9534d1\">\n<p><img loading=\"lazy\" class=\"alignnone wp-image-1611 size-full\" src=\"https:\/\/www.girisimhane.net\/wp-content\/uploads\/2016\/10\/Uygulama-Ba\u015fl\u0131k-Renkli-Beyaz-1100x430.png\" width=\"1100\" height=\"430\" \/><\/p>\n<\/div>\n<div class=\"csColumnGap\" style=\"margin: 0px; padding: 0px; float: left; width: 1.56%;\"><img style=\"border: none;\" src=\"https:\/\/www.girisimhane.net\/wp-content\/plugins\/advanced-wp-columns\/assets\/js\/plugins\/views\/img\/1x1-pixel.png\" \/><\/div>\n<div class=\"csColumn\" style=\"margin: 0px; padding: 0px; float: left; width: 46.8%;\" data-csstartpoint=\"251\" data-csendpoint=\"700\" data-cswidth=\"46.8%\" data-csid=\"e25643bc-26d0-2bbb-94f4-85c565c62cc0\">\n<p style=\"text-align: left;\">Hayat\u0131n t\u00fcm dikkat da\u011f\u0131t\u0131c\u0131 ke\u015fmeke\u015finden uzak t\u00fcm tak\u0131m\u0131n\u0131z ile sadece hayallerinize odaklanca\u011f\u0131n\u0131z\u00a0beyin f\u0131rt\u0131nalar\u0131 yapmak isteyenler\u00a0bu paketi se\u00e7melidir. Bir g\u00fcnl\u00fck hafta sonu toplant\u0131s\u0131 veya birka\u00e7 g\u00fcnl\u00fck yeni projenizin\u00a0tart\u0131\u015f\u0131laca\u011f\u0131 birliktelikler i\u00e7in ideal ortam\u0131 bu pakette bulabilirsiniz.<\/p>\n<\/div>\n<div class=\"csColumnGap\" style=\"margin: 0px; padding: 0px; float: left; width: 1.56%;\"><img style=\"border: none;\" src=\"https:\/\/www.girisimhane.net\/wp-content\/plugins\/advanced-wp-columns\/assets\/js\/plugins\/views\/img\/1x1-pixel.png\" \/><\/div>\n<div class=\"csColumn\" style=\"margin: 0px; padding: 0px; float: left; width: 23.8%;\" data-csstartpoint=\"715\" data-csendpoint=\"943\" data-cswidth=\"23.8%\" data-csid=\"b0a47b3b-5921-cc4d-a144-cf96cd79aff4\">\n<ul>\n<li style=\"text-align: left;\">Konaklama odalar\u0131<\/li>\n<li style=\"text-align: left;\">Full pansiyon<\/li>\n<li style=\"text-align: left;\">Toplant\u0131 odas\u0131<\/li>\n<li style=\"text-align: left;\">G\u00fcnl\u00fck rezervasyon<\/li>\n<\/ul>\n<\/div>\n<\/div>\n<p>&nbsp;<\/p>\n","protected":false},"excerpt":{"rendered":"<p>Hayat\u0131n t\u00fcm dikkat da\u011f\u0131t\u0131c\u0131 ke\u015fmeke\u015finden uzak t\u00fcm tak\u0131m\u0131n\u0131z ile sadece hayallerinize odaklanca\u011f\u0131n\u0131z\u00a0beyin f\u0131rt\u0131nalar\u0131 yapmak isteyenler\u00a0bu paketi se\u00e7melidir. Bir g\u00fcnl\u00fck hafta sonu toplant\u0131s\u0131 veya birka\u00e7 g\u00fcnl\u00fck yeni projenizin\u00a0tart\u0131\u015f\u0131laca\u011f\u0131 birliktelikler i\u00e7in ideal ortam\u0131 bu pakette bulabilirsiniz. Konaklama odalar\u0131 Full pansiyon Toplant\u0131 odas\u0131 G\u00fcnl\u00fck rezervasyon Hayat\u0131n t\u00fcm dikkat da\u011f\u0131t\u0131c\u0131 ke\u015fmeke\u015finden uzak t\u00fcm tak\u0131m\u0131n\u0131z ile sadece hayallerinize odaklanca\u011f\u0131n\u0131z\u00a0beyin f\u0131rt\u0131nalar\u0131 [&hellip;]<\/p>\n","protected":false},"author":2,"featured_media":0,"parent":0,"menu_order":0,"comment_status":"closed","ping_status":"closed","template":"fullwidth.php","meta":{"_mi_skip_tracking":false},"_links":{"self":[{"href":"https:\/\/www.girisimhane.net\/index.php\/wp-json\/wp\/v2\/pages\/1401"}],"collection":[{"href":"https:\/\/www.girisimhane.net\/index.php\/wp-json\/wp\/v2\/pages"}],"about":[{"href":"https:\/\/www.girisimhane.net\/index.php\/wp-json\/wp\/v2\/types\/page"}],"author":[{"embeddable":true,"href":"https:\/\/www.girisimhane.net\/index.php\/wp-json\/wp\/v2\/users\/2"}],"replies":[{"embeddable":true,"href":"https:\/\/www.girisimhane.net\/index.php\/wp-json\/wp\/v2\/comments?post=1401"}],"version-history":[{"count":74,"href":"https:\/\/www.girisimhane.net\/index.php\/wp-json\/wp\/v2\/pages\/1401\/revisions"}],"predecessor-version":[{"id":1615,"href":"https:\/\/www.girisimhane.net\/index.php\/wp-json\/wp\/v2\/pages\/1401\/revisions\/1615"}],"wp:attachment":[{"href":"https:\/\/www.girisimhane.net\/index.php\/wp-json\/wp\/v2\/media?parent=1401"}],"curies":[{"name":"wp","href":"https:\/\/api.w.org\/{rel}","templated":true}]}}