{"id":1410,"date":"2016-10-05T13:54:41","date_gmt":"2016-10-05T10:54:41","guid":{"rendered":"http:\/\/girisimhane.net\/?page_id=1410"},"modified":"2017-01-20T13:36:12","modified_gmt":"2017-01-20T10:36:12","slug":"hakkimizda","status":"publish","type":"page","link":"https:\/\/www.girisimhane.net\/index.php\/tr\/hakkimizda\/","title":{"rendered":"Hakk\u0131m\u0131zda"},"content":{"rendered":"<p style=\"text-align: left;\"><strong>Giri\u015fimhane<\/strong> muhte\u015fem fikrin<img loading=\"lazy\" class=\"wp-image-1258 alignleft\" src=\"https:\/\/www.girisimhane.net\/wp-content\/uploads\/2016\/09\/fgfggf.jpg\" alt=\"fgfggf\" width=\"354\" height=\"260\" \/>izin insanlar\u0131n hayatlar\u0131n\u0131 de\u011fi\u015ftirecek bir \u00fcr\u00fcne d\u00f6n\u00fc\u015fece\u011fi\u00a0<strong>her\u015fey dahil bir\u00a0yarat\u0131c\u0131l\u0131k alan\u0131d\u0131r<\/strong>.<\/p>\n<p style=\"text-align: left;\">Giri\u015fimhane \u015fehrin g\u00fcr\u00fclt\u00fcs\u00fc, trafi\u011fi ve ko\u015fu\u015fturmacas\u0131ndan uzak, t\u00fcm tak\u0131m arkada\u015flar\u0131n\u0131z ile fikrinize odaklanabilece\u011finiz, Akdeniz&#8217;in muhte\u015fem sahili ve Toroslar\u0131n ye\u015fili aras\u0131nda bulaca\u011f\u0131n\u0131z huzurun \u00fcretkenli\u011finiz per\u00e7inleyece\u011fi, elinizdeki \u00e7ok k\u0131s\u0131tl\u0131 zaman ve finansal kaynaklar\u0131n\u0131z\u0131n ger\u00e7ek bir \u00fcr\u00fcne d\u00f6n\u00fc\u015fmesinde anahtar rol oynayacak <strong>yeni nesil giri\u015fimci mekan\u0131d\u0131r<\/strong>.<\/p>\n<p>Giri\u015fimhane&#8217;de \u00e7al\u0131\u015fmalar\u0131n\u0131 y\u00fcr\u00fcten tak\u0131mlar Akdeniz manzaras\u0131na naz\u0131r konaklama odalar\u0131nda dinlenebilecekler.\u00a0Ak\u0131llar\u0131na o en olmad\u0131k zamanda gelen \u00e7\u00f6z\u00fcmleri denemek i\u00e7in\u00a0ofisleri ve di\u011fer tak\u0131m<br \/>\narkada\u015flar\u0131 ise sadece\u00a0iki ad\u0131m mesafede olacak.<\/p>\n<p>Giri\u015fimhane&#8217;de g\u00fcnl\u00fck ev i\u015flerini d\u00fc\u015f\u00fcnmenize gerek yok. Oda ve ofislerin temizlikleri g\u00fcnl\u00fck olarak profesyonel ekibimizce ger\u00e7ekle\u015ftirilecek. Sabah, \u00f6\u011flen ve ak\u015fam yemeklerinizi dilerseniz Akdeniz manzaras\u0131na naz\u0131r teras restoran\u0131nda dilerseniz odan\u0131zda ve hatta isterseniz ofisinizde i\u015f ba\u015f\u0131nda alabileceksiniz.<\/p>\n<p>Giri\u015fimhane&#8217;de \u00e7al\u0131\u015fmalar\u0131n\u0131 yapacak tak\u0131mlar ihtiya\u00e7 duyacaklar\u0131 teknik ekipmanlar\u0131 ihtiya\u00e7 duyduklar\u0131 s\u00fcre i\u00e7in kiralayabilir, prototip \u00fcretimindeki demirba\u015f al\u0131m maliyetlerini ciddi \u00f6l\u00e7\u00fcde azaltabilirler.<\/p>\n<p>Giri\u015fimhane&#8217;deki tak\u0131mlar yarat\u0131c\u0131l\u0131klar\u0131n\u0131 per\u00e7inlemek ve zor problemlere \u00e7\u00f6z\u00fcm araman\u0131n yorgunlu\u011fu atmak i\u00e7in say\u0131s\u0131z aktivite olanaklar\u0131na sahip olacaklar. Dilerseniz hemen alt kattaki spa merkezinde dinlenebilir veya Alanya&#8217;n\u0131n muhte\u015fem parkurlar\u0131nda bir bisiklet turu yapabilirsiniz. Alanya \u015fehir merkezindeki zengin kafe, bar ve restoranlarda \u00fcr\u00fcn\u00fcn\u00fcz\u00fcn gelece\u011fini tak\u0131m arkada\u015flar\u0131n\u0131z ile tart\u0131\u015fabilirsiniz.<\/p>\n<p>Giri\u015fimhane&#8217;de \u00e7al\u0131\u015fmalar\u0131n\u0131 yapan tak\u0131mlar anahtar ticaret merkezlerine iki ad\u0131m mesafede. Gazipa\u015fa Uluslararas\u0131 Havaalan\u0131 (GZP) \u00fczerinden Ankara (ESB) ve \u0130stanbul&#8217;a (IST ve SAW) tarifeli u\u00e7u\u015flar ile direkt ve AnadoluJet, THY ve Pegasus a\u011f\u0131n\u0131 kullanarak D\u00fcnya&#8217;n\u0131n her yerine iki u\u00e7ak ile rahat ve d\u00fc\u015f\u00fck maliyetler ile ula\u015fabilirsinz.<\/p>\n<p>Giri\u015fimhane t\u00fcm bu olanaklar\u0131 tek bir \u00e7at\u0131 alt\u0131nda birle\u015ftirerek b\u00fcy\u00fck bir \u015fehirde ev ve ofis aras\u0131nda mekik dokuyan bir\u00a0gruba g\u00f6re hem ciddi mali\u00a0tasarruf hem de daha yo\u011fun odaklanma f\u0131rsat\u0131 sa\u011flar.<\/p>\n<p><strong>T\u00fcm giri\u015fimcileri Giri\u015fimhane&#8217;ye bekliyoruz.<\/strong><\/p>\n<p>&nbsp;<\/p>\n","protected":false},"excerpt":{"rendered":"<p>Giri\u015fimhane muhte\u015fem fikrinizin insanlar\u0131n hayatlar\u0131n\u0131 de\u011fi\u015ftirecek bir \u00fcr\u00fcne d\u00f6n\u00fc\u015fece\u011fi\u00a0her\u015fey dahil bir\u00a0yarat\u0131c\u0131l\u0131k alan\u0131d\u0131r. Giri\u015fimhane \u015fehrin g\u00fcr\u00fclt\u00fcs\u00fc, trafi\u011fi ve ko\u015fu\u015fturmacas\u0131ndan uzak, t\u00fcm tak\u0131m arkada\u015flar\u0131n\u0131z ile fikrinize odaklanabilece\u011finiz, Akdeniz&#8217;in muhte\u015fem sahili ve Toroslar\u0131n ye\u015fili aras\u0131nda bulaca\u011f\u0131n\u0131z huzurun \u00fcretkenli\u011finiz per\u00e7inleyece\u011fi, elinizdeki \u00e7ok k\u0131s\u0131tl\u0131 zaman ve finansal kaynaklar\u0131n\u0131z\u0131n ger\u00e7ek bir \u00fcr\u00fcne d\u00f6n\u00fc\u015fmesinde anahtar rol oynayacak yeni nesil giri\u015fimci mekan\u0131d\u0131r. Giri\u015fimhane&#8217;de [&hellip;]<\/p>\n","protected":false},"author":2,"featured_media":0,"parent":0,"menu_order":0,"comment_status":"closed","ping_status":"closed","template":"about.php","meta":{"_mi_skip_tracking":false},"_links":{"self":[{"href":"https:\/\/www.girisimhane.net\/index.php\/wp-json\/wp\/v2\/pages\/1410"}],"collection":[{"href":"https:\/\/www.girisimhane.net\/index.php\/wp-json\/wp\/v2\/pages"}],"about":[{"href":"https:\/\/www.girisimhane.net\/index.php\/wp-json\/wp\/v2\/types\/page"}],"author":[{"embeddable":true,"href":"https:\/\/www.girisimhane.net\/index.php\/wp-json\/wp\/v2\/users\/2"}],"replies":[{"embeddable":true,"href":"https:\/\/www.girisimhane.net\/index.php\/wp-json\/wp\/v2\/comments?post=1410"}],"version-history":[{"count":11,"href":"https:\/\/www.girisimhane.net\/index.php\/wp-json\/wp\/v2\/pages\/1410\/revisions"}],"predecessor-version":[{"id":1423,"href":"https:\/\/www.girisimhane.net\/index.php\/wp-json\/wp\/v2\/pages\/1410\/revisions\/1423"}],"wp:attachment":[{"href":"https:\/\/www.girisimhane.net\/index.php\/wp-json\/wp\/v2\/media?parent=1410"}],"curies":[{"name":"wp","href":"https:\/\/api.w.org\/{rel}","templated":true}]}}