{"id":1438,"date":"2016-10-06T13:09:57","date_gmt":"2016-10-06T10:09:57","guid":{"rendered":"http:\/\/girisimhane.net\/?page_id=1438"},"modified":"2017-01-20T13:37:18","modified_gmt":"2017-01-20T10:37:18","slug":"konaklama","status":"publish","type":"page","link":"https:\/\/www.girisimhane.net\/index.php\/tr\/konaklama\/","title":{"rendered":"Konaklama"},"content":{"rendered":"<h1 style=\"text-align: center;\"><strong>Ev i\u015fi yok!<\/strong><\/h1>\n<h3 style=\"text-align: center;\">Giri\u015fimhane\u2019de \u00e7al\u0131\u015fmalar\u0131n\u0131 \u00a0y\u00fcr\u00fcten tak\u0131mlar Akdeniz\u2019in turkuvaz mavisi k\u0131y\u0131lar\u0131na bakan odalar\u0131m\u0131zda dinlenebilecekler. Odalar\u0131n\u0131z\u0131n temizlikleri g\u00fcnl\u00fck olarak profesyonel ekibimizce ger\u00e7ekle\u015ftirilecek. Her odam\u0131zda split klima, sa\u00e7 kurutma makinas\u0131, LCD televizyon, uydu yay\u0131n\u0131, balkon, minibar, kasa, ve du\u015f bulunmaktad\u0131r.<\/h3>\n<p><img loading=\"lazy\" class=\"alignnone size-full wp-image-1498\" src=\"https:\/\/www.girisimhane.net\/wp-content\/uploads\/2016\/10\/konaklama.001.jpeg\" alt=\"konaklama-001\" width=\"1920\" height=\"600\" \/><\/p>\n","protected":false},"excerpt":{"rendered":"<p>Ev i\u015fi yok! Giri\u015fimhane\u2019de \u00e7al\u0131\u015fmalar\u0131n\u0131 \u00a0y\u00fcr\u00fcten tak\u0131mlar Akdeniz\u2019in turkuvaz mavisi k\u0131y\u0131lar\u0131na bakan odalar\u0131m\u0131zda dinlenebilecekler. Odalar\u0131n\u0131z\u0131n temizlikleri g\u00fcnl\u00fck olarak profesyonel ekibimizce ger\u00e7ekle\u015ftirilecek. Her odam\u0131zda split klima, sa\u00e7 kurutma makinas\u0131, LCD televizyon, uydu yay\u0131n\u0131, balkon, minibar, kasa, ve du\u015f bulunmaktad\u0131r.<\/p>\n","protected":false},"author":2,"featured_media":0,"parent":0,"menu_order":0,"comment_status":"closed","ping_status":"closed","template":"fullwidth.php","meta":{"_mi_skip_tracking":false},"_links":{"self":[{"href":"https:\/\/www.girisimhane.net\/index.php\/wp-json\/wp\/v2\/pages\/1438"}],"collection":[{"href":"https:\/\/www.girisimhane.net\/index.php\/wp-json\/wp\/v2\/pages"}],"about":[{"href":"https:\/\/www.girisimhane.net\/index.php\/wp-json\/wp\/v2\/types\/page"}],"author":[{"embeddable":true,"href":"https:\/\/www.girisimhane.net\/index.php\/wp-json\/wp\/v2\/users\/2"}],"replies":[{"embeddable":true,"href":"https:\/\/www.girisimhane.net\/index.php\/wp-json\/wp\/v2\/comments?post=1438"}],"version-history":[{"count":8,"href":"https:\/\/www.girisimhane.net\/index.php\/wp-json\/wp\/v2\/pages\/1438\/revisions"}],"predecessor-version":[{"id":1501,"href":"https:\/\/www.girisimhane.net\/index.php\/wp-json\/wp\/v2\/pages\/1438\/revisions\/1501"}],"wp:attachment":[{"href":"https:\/\/www.girisimhane.net\/index.php\/wp-json\/wp\/v2\/media?parent=1438"}],"curies":[{"name":"wp","href":"https:\/\/api.w.org\/{rel}","templated":true}]}}