{"id":1487,"date":"2016-10-06T17:45:28","date_gmt":"2016-10-06T14:45:28","guid":{"rendered":"http:\/\/girisimhane.net\/?page_id=1487"},"modified":"2017-01-20T13:35:54","modified_gmt":"2017-01-20T10:35:54","slug":"gastronomi","status":"publish","type":"page","link":"https:\/\/www.girisimhane.net\/index.php\/tr\/gastronomi\/","title":{"rendered":"Gastronomi"},"content":{"rendered":"<h1 style=\"text-align: center;\"><strong>Yeme\u011fi D\u00fc\u015f\u00fcnme<\/strong><\/h1>\n<h3 style=\"text-align: center;\">Sabah, \u00f6\u011fle ve ak\u015fam yemekleriniz \u015feflerimiz taraf\u0131ndan \u00f6zenle haz\u0131rlan\u0131p, sizlere sunulacakt\u0131r. Akdeniz ve Toroslarla \u00e7evrili teras restoran\u0131m\u0131zda tak\u0131m\u0131n\u0131zla bir araya gelip\u00a0<strong>ortak heyecan\u0131n\u0131z\u0131<\/strong>\u00a0yemek sohbetlerinize ta\u015f\u0131yabilirsiniz. Diledi\u011finiz zamanlarda, yeme\u011finizi odan\u0131zda ve hatta isterseniz ofisinizde i\u015f ba\u015f\u0131nda bile alabilirsiniz.<\/h3>\n<p><img loading=\"lazy\" class=\"alignnone size-full wp-image-1336\" src=\"https:\/\/www.girisimhane.net\/wp-content\/uploads\/2016\/10\/Slider-pHOTOS2.003.jpeg\" alt=\"slider-photos2-003\" width=\"1920\" height=\"600\" \/><\/p>\n","protected":false},"excerpt":{"rendered":"<p>Yeme\u011fi D\u00fc\u015f\u00fcnme Sabah, \u00f6\u011fle ve ak\u015fam yemekleriniz \u015feflerimiz taraf\u0131ndan \u00f6zenle haz\u0131rlan\u0131p, sizlere sunulacakt\u0131r. Akdeniz ve Toroslarla \u00e7evrili teras restoran\u0131m\u0131zda tak\u0131m\u0131n\u0131zla bir araya gelip\u00a0ortak heyecan\u0131n\u0131z\u0131\u00a0yemek sohbetlerinize ta\u015f\u0131yabilirsiniz. Diledi\u011finiz zamanlarda, yeme\u011finizi odan\u0131zda ve hatta isterseniz ofisinizde i\u015f ba\u015f\u0131nda bile alabilirsiniz.<\/p>\n","protected":false},"author":2,"featured_media":0,"parent":0,"menu_order":0,"comment_status":"closed","ping_status":"closed","template":"fullwidth.php","meta":{"_mi_skip_tracking":false},"_links":{"self":[{"href":"https:\/\/www.girisimhane.net\/index.php\/wp-json\/wp\/v2\/pages\/1487"}],"collection":[{"href":"https:\/\/www.girisimhane.net\/index.php\/wp-json\/wp\/v2\/pages"}],"about":[{"href":"https:\/\/www.girisimhane.net\/index.php\/wp-json\/wp\/v2\/types\/page"}],"author":[{"embeddable":true,"href":"https:\/\/www.girisimhane.net\/index.php\/wp-json\/wp\/v2\/users\/2"}],"replies":[{"embeddable":true,"href":"https:\/\/www.girisimhane.net\/index.php\/wp-json\/wp\/v2\/comments?post=1487"}],"version-history":[{"count":3,"href":"https:\/\/www.girisimhane.net\/index.php\/wp-json\/wp\/v2\/pages\/1487\/revisions"}],"predecessor-version":[{"id":1495,"href":"https:\/\/www.girisimhane.net\/index.php\/wp-json\/wp\/v2\/pages\/1487\/revisions\/1495"}],"wp:attachment":[{"href":"https:\/\/www.girisimhane.net\/index.php\/wp-json\/wp\/v2\/media?parent=1487"}],"curies":[{"name":"wp","href":"https:\/\/api.w.org\/{rel}","templated":true}]}}