{"id":1502,"date":"2016-10-06T18:04:17","date_gmt":"2016-10-06T15:04:17","guid":{"rendered":"http:\/\/girisimhane.net\/?page_id=1502"},"modified":"2017-01-20T13:37:56","modified_gmt":"2017-01-20T10:37:56","slug":"ofisler","status":"publish","type":"page","link":"https:\/\/www.girisimhane.net\/index.php\/tr\/ofisler\/","title":{"rendered":"Ofisler"},"content":{"rendered":"<h1 style=\"text-align: center;\"><strong>Rahat bir \u00e7al\u0131\u015fma alan\u0131<\/strong><\/h1>\n<h3 style=\"text-align: center;\">Deniz ve da\u011f manzaral\u0131 \u00f6zel giri\u015fim ofislerimiz i\u00e7erisinde ideal bir \u00e7al\u0131\u015fma ortam\u0131nda arad\u0131\u011f\u0131n\u0131z her \u015feyi bulacaks\u0131n\u0131z.\u00a0Her 3 ki\u015fiye bir \u00f6zel ofis verilmektedir. \u0130\u00e7erisinde internet, \u00e7al\u0131\u015fma masalar\u0131, klima, text, tect bulunmaktad\u0131r.<\/h3>\n<h3 style=\"text-align: center;\"><img loading=\"lazy\" class=\"alignnone size-full wp-image-1503\" src=\"https:\/\/www.girisimhane.net\/wp-content\/uploads\/2016\/10\/ofis.001.jpeg\" alt=\"ofis-001\" width=\"1920\" height=\"600\" \/><\/h3>\n<h3 style=\"text-align: center;\"><\/h3>\n<p>&nbsp;<\/p>\n","protected":false},"excerpt":{"rendered":"<p>Rahat bir \u00e7al\u0131\u015fma alan\u0131 Deniz ve da\u011f manzaral\u0131 \u00f6zel giri\u015fim ofislerimiz i\u00e7erisinde ideal bir \u00e7al\u0131\u015fma ortam\u0131nda arad\u0131\u011f\u0131n\u0131z her \u015feyi bulacaks\u0131n\u0131z.\u00a0Her 3 ki\u015fiye bir \u00f6zel ofis verilmektedir. \u0130\u00e7erisinde internet, \u00e7al\u0131\u015fma masalar\u0131, klima, text, tect bulunmaktad\u0131r. &nbsp;<\/p>\n","protected":false},"author":2,"featured_media":0,"parent":0,"menu_order":0,"comment_status":"closed","ping_status":"closed","template":"fullwidth.php","meta":{"_mi_skip_tracking":false},"_links":{"self":[{"href":"https:\/\/www.girisimhane.net\/index.php\/wp-json\/wp\/v2\/pages\/1502"}],"collection":[{"href":"https:\/\/www.girisimhane.net\/index.php\/wp-json\/wp\/v2\/pages"}],"about":[{"href":"https:\/\/www.girisimhane.net\/index.php\/wp-json\/wp\/v2\/types\/page"}],"author":[{"embeddable":true,"href":"https:\/\/www.girisimhane.net\/index.php\/wp-json\/wp\/v2\/users\/2"}],"replies":[{"embeddable":true,"href":"https:\/\/www.girisimhane.net\/index.php\/wp-json\/wp\/v2\/comments?post=1502"}],"version-history":[{"count":4,"href":"https:\/\/www.girisimhane.net\/index.php\/wp-json\/wp\/v2\/pages\/1502\/revisions"}],"predecessor-version":[{"id":1508,"href":"https:\/\/www.girisimhane.net\/index.php\/wp-json\/wp\/v2\/pages\/1502\/revisions\/1508"}],"wp:attachment":[{"href":"https:\/\/www.girisimhane.net\/index.php\/wp-json\/wp\/v2\/media?parent=1502"}],"curies":[{"name":"wp","href":"https:\/\/api.w.org\/{rel}","templated":true}]}}