{"id":1509,"date":"2016-10-06T18:11:32","date_gmt":"2016-10-06T15:11:32","guid":{"rendered":"http:\/\/girisimhane.net\/?page_id=1509"},"modified":"2017-01-20T13:35:35","modified_gmt":"2017-01-20T10:35:35","slug":"ekipman-kiralama","status":"publish","type":"page","link":"https:\/\/www.girisimhane.net\/index.php\/tr\/ekipman-kiralama\/","title":{"rendered":"Ekipman Kiralama"},"content":{"rendered":"<h1 style=\"text-align: center;\"><strong>Ekipman Kiralama<\/strong><\/h1>\n<h3 style=\"text-align: center;\">Giri\u015fimhane\u2019de \u00e7al\u0131\u015fmalar\u0131n\u0131 yapacak tak\u0131mlar ihtiya\u00e7 duyacaklar\u0131 teknik ekipmanlar\u0131 ihtiya\u00e7 duyduklar\u0131 s\u00fcre i\u00e7in kiralayabilir, prototip \u00fcretimindeki demirba\u015f al\u0131m maliyetlerini ciddi \u00f6l\u00e7\u00fcde azaltabilirler.Giri\u015fimci at\u00f6lyemizde\u00a0Text text&#8217;den 3 boyutlu yaz\u0131c\u0131lara, lazer kesiciye kadar ihtiyac\u0131n\u0131z olan bir\u00e7ok ekipman\u0131 bulacaks\u0131n\u0131z.<\/h3>\n<p><img loading=\"lazy\" class=\"alignnone size-full wp-image-1335\" src=\"https:\/\/www.girisimhane.net\/wp-content\/uploads\/2016\/10\/Slider-pHOTOS2.001.jpeg\" alt=\"slider-photos2-001\" width=\"1920\" height=\"600\" \/><\/p>\n","protected":false},"excerpt":{"rendered":"<p>Ekipman Kiralama Giri\u015fimhane\u2019de \u00e7al\u0131\u015fmalar\u0131n\u0131 yapacak tak\u0131mlar ihtiya\u00e7 duyacaklar\u0131 teknik ekipmanlar\u0131 ihtiya\u00e7 duyduklar\u0131 s\u00fcre i\u00e7in kiralayabilir, prototip \u00fcretimindeki demirba\u015f al\u0131m maliyetlerini ciddi \u00f6l\u00e7\u00fcde azaltabilirler.Giri\u015fimci at\u00f6lyemizde\u00a0Text text&#8217;den 3 boyutlu yaz\u0131c\u0131lara, lazer kesiciye kadar ihtiyac\u0131n\u0131z olan bir\u00e7ok ekipman\u0131 bulacaks\u0131n\u0131z.<\/p>\n","protected":false},"author":2,"featured_media":0,"parent":0,"menu_order":0,"comment_status":"closed","ping_status":"closed","template":"fullwidth.php","meta":{"_mi_skip_tracking":false},"_links":{"self":[{"href":"https:\/\/www.girisimhane.net\/index.php\/wp-json\/wp\/v2\/pages\/1509"}],"collection":[{"href":"https:\/\/www.girisimhane.net\/index.php\/wp-json\/wp\/v2\/pages"}],"about":[{"href":"https:\/\/www.girisimhane.net\/index.php\/wp-json\/wp\/v2\/types\/page"}],"author":[{"embeddable":true,"href":"https:\/\/www.girisimhane.net\/index.php\/wp-json\/wp\/v2\/users\/2"}],"replies":[{"embeddable":true,"href":"https:\/\/www.girisimhane.net\/index.php\/wp-json\/wp\/v2\/comments?post=1509"}],"version-history":[{"count":1,"href":"https:\/\/www.girisimhane.net\/index.php\/wp-json\/wp\/v2\/pages\/1509\/revisions"}],"predecessor-version":[{"id":1511,"href":"https:\/\/www.girisimhane.net\/index.php\/wp-json\/wp\/v2\/pages\/1509\/revisions\/1511"}],"wp:attachment":[{"href":"https:\/\/www.girisimhane.net\/index.php\/wp-json\/wp\/v2\/media?parent=1509"}],"curies":[{"name":"wp","href":"https:\/\/api.w.org\/{rel}","templated":true}]}}