{"id":1512,"date":"2016-10-06T19:11:15","date_gmt":"2016-10-06T16:11:15","guid":{"rendered":"http:\/\/girisimhane.net\/?page_id=1512"},"modified":"2017-01-20T13:39:21","modified_gmt":"2017-01-20T10:39:21","slug":"toplanti-odasi","status":"publish","type":"page","link":"https:\/\/www.girisimhane.net\/index.php\/tr\/toplanti-odasi\/","title":{"rendered":"Toplant\u0131 Odas\u0131"},"content":{"rendered":"<h1 style=\"text-align: center;\"><strong>Grup Toplant\u0131lar\u0131<\/strong><\/h1>\n<h3>100 ki\u015fi kapasiteli konforlu ve sessiz ortama sahip, panoramik akdeniz manzaral\u0131 toplant\u0131 salonumuzda tak\u0131m\u0131n\u0131zla bir araya gelip, toplant\u0131lar\u0131n\u0131z\u0131 ger\u00e7ekle\u015ftirebilirsiniz.<img loading=\"lazy\" class=\"alignnone size-full wp-image-1513\" src=\"https:\/\/www.girisimhane.net\/wp-content\/uploads\/2016\/10\/Grup-Toplant\u0131lar\u0131.001.jpeg\" alt=\"grup-toplantilari-001\" width=\"1920\" height=\"600\" \/><\/h3>\n","protected":false},"excerpt":{"rendered":"<p>Grup Toplant\u0131lar\u0131 100 ki\u015fi kapasiteli konforlu ve sessiz ortama sahip, panoramik akdeniz manzaral\u0131 toplant\u0131 salonumuzda tak\u0131m\u0131n\u0131zla bir araya gelip, toplant\u0131lar\u0131n\u0131z\u0131 ger\u00e7ekle\u015ftirebilirsiniz.<\/p>\n","protected":false},"author":2,"featured_media":0,"parent":0,"menu_order":0,"comment_status":"closed","ping_status":"closed","template":"fullwidth.php","meta":{"_mi_skip_tracking":false},"_links":{"self":[{"href":"https:\/\/www.girisimhane.net\/index.php\/wp-json\/wp\/v2\/pages\/1512"}],"collection":[{"href":"https:\/\/www.girisimhane.net\/index.php\/wp-json\/wp\/v2\/pages"}],"about":[{"href":"https:\/\/www.girisimhane.net\/index.php\/wp-json\/wp\/v2\/types\/page"}],"author":[{"embeddable":true,"href":"https:\/\/www.girisimhane.net\/index.php\/wp-json\/wp\/v2\/users\/2"}],"replies":[{"embeddable":true,"href":"https:\/\/www.girisimhane.net\/index.php\/wp-json\/wp\/v2\/comments?post=1512"}],"version-history":[{"count":4,"href":"https:\/\/www.girisimhane.net\/index.php\/wp-json\/wp\/v2\/pages\/1512\/revisions"}],"predecessor-version":[{"id":1518,"href":"https:\/\/www.girisimhane.net\/index.php\/wp-json\/wp\/v2\/pages\/1512\/revisions\/1518"}],"wp:attachment":[{"href":"https:\/\/www.girisimhane.net\/index.php\/wp-json\/wp\/v2\/media?parent=1512"}],"curies":[{"name":"wp","href":"https:\/\/api.w.org\/{rel}","templated":true}]}}